{"id":1081,"date":"2024-01-15T16:15:53","date_gmt":"2024-01-15T16:15:53","guid":{"rendered":"https:\/\/www.brandysainclair.com\/mentions-legales\/"},"modified":"2024-01-25T15:47:34","modified_gmt":"2024-01-25T15:47:34","slug":"mentions-legales","status":"publish","type":"page","link":"https:\/\/www.brandysainclair.com\/en\/mentions-legales\/","title":{"rendered":"Mentions L\u00e9gales"},"content":{"rendered":"\t\t<div data-elementor-type=\"wp-page\" data-elementor-id=\"1081\" class=\"elementor elementor-1081 elementor-757\" data-elementor-post-type=\"page\">\n\t\t\t\t\t\t<section class=\"elementor-section elementor-top-section elementor-element elementor-element-5591fb8b elementor-section-boxed elementor-section-height-default elementor-section-height-default\" data-id=\"5591fb8b\" data-element_type=\"section\">\n\t\t\t\t\t\t<div class=\"elementor-container elementor-column-gap-default\">\n\t\t\t\t\t<div class=\"elementor-column elementor-col-100 elementor-top-column elementor-element elementor-element-26b81b79\" data-id=\"26b81b79\" data-element_type=\"column\">\n\t\t\t<div class=\"elementor-widget-wrap elementor-element-populated\">\n\t\t\t\t\t\t<div class=\"elementor-element elementor-element-69725db4 elementor-widget elementor-widget-text-editor\" data-id=\"69725db4\" data-element_type=\"widget\" data-widget_type=\"text-editor.default\">\n\t\t\t\t<div class=\"elementor-widget-container\">\n\t\t\t\t\t\t\t\t\t\n<p>Soci\u00e9t\u00e9 <strong>FRANCE BRANDY SAS<\/strong><\/p>\n\n<p>Si\u00e8ge social :<\/p>\n\n<p>35, Um Kecker<br \/>L-5489 Ehnen<br \/>Luxembourg<\/p>\n\n<p>RCS Luxembourg N\u00b0 B216637<\/p>\n\n<p>\u00a0<\/p>\n\n<h2 class=\"wp-block-heading\">CEO<\/h2>\n\n<p><strong>Jean-Fran\u00e7ois SAINCLAIR<\/strong><\/p>\n\n<h2 class=\"wp-block-heading\">RESPONSABLE DE LA PUBLICATION<\/h2>\n\n<p>Jean-Fran\u00e7ois SAINCLAIR<\/p>\n\n<h2 class=\"wp-block-heading\">WEBMASTER<\/h2>\n\n<p>AMYMA WEB SARL<\/p>\n\n<p>14, rue Strachen<br \/>L-6933 Mensdorf<\/p>\n\n<h2 class=\"wp-block-heading\">H\u00c9BERGEUR<\/h2>\n\n<p>AMYMA WEB SARL<\/p>\n\n<p>14, rue Strachen<br \/>L-6933 Mensdorf<\/p>\n\t\t\t\t\t\t\t\t<\/div>\n\t\t\t\t<\/div>\n\t\t\t\t\t<\/div>\n\t\t<\/div>\n\t\t\t\t\t<\/div>\n\t\t<\/section>\n\t\t\t\t<\/div>\n\t\t","protected":false},"excerpt":{"rendered":"<p>Soci\u00e9t\u00e9 FRANCE BRANDY SAS Si\u00e8ge social : 35, Um KeckerL-5489 EhnenLuxembourg RCS Luxembourg N\u00b0 B216637 \u00a0 CEO Jean-Fran\u00e7ois SAINCLAIR RESPONSABLE DE LA PUBLICATION Jean-Fran\u00e7ois SAINCLAIR WEBMASTER AMYMA WEB SARL 14, rue StrachenL-6933 Mensdorf H\u00c9BERGEUR AMYMA WEB SARL 14, rue StrachenL-6933 Mensdorf<\/p>\n","protected":false},"author":1,"featured_media":0,"parent":0,"menu_order":0,"comment_status":"closed","ping_status":"closed","template":"","meta":{"footnotes":""},"class_list":["post-1081","page","type-page","status-publish","hentry"],"yoast_head":"<!-- This site is optimized with the Yoast SEO plugin v25.8 - https:\/\/yoast.com\/wordpress\/plugins\/seo\/ -->\n<title>Mentions L\u00e9gales - Brandy Sainclair<\/title>\n<meta name=\"robots\" content=\"index, follow, max-snippet:-1, max-image-preview:large, max-video-preview:-1\" \/>\n<link rel=\"canonical\" href=\"https:\/\/www.brandysainclair.com\/en\/mentions-legales\/\" \/>\n<meta property=\"og:locale\" content=\"en_US\" \/>\n<meta property=\"og:type\" content=\"article\" \/>\n<meta property=\"og:title\" content=\"Mentions L\u00e9gales - Brandy Sainclair\" \/>\n<meta property=\"og:description\" content=\"Soci\u00e9t\u00e9 FRANCE BRANDY SAS Si\u00e8ge social : 35, Um KeckerL-5489 EhnenLuxembourg RCS Luxembourg N\u00b0 B216637 \u00a0 CEO Jean-Fran\u00e7ois SAINCLAIR RESPONSABLE DE LA PUBLICATION Jean-Fran\u00e7ois SAINCLAIR WEBMASTER AMYMA WEB SARL 14, rue StrachenL-6933 Mensdorf H\u00c9BERGEUR AMYMA WEB SARL 14, rue StrachenL-6933 Mensdorf\" \/>\n<meta property=\"og:url\" content=\"https:\/\/www.brandysainclair.com\/en\/mentions-legales\/\" \/>\n<meta property=\"og:site_name\" content=\"Brandy Sainclair\" \/>\n<meta property=\"article:modified_time\" content=\"2024-01-25T15:47:34+00:00\" \/>\n<meta name=\"twitter:card\" content=\"summary_large_image\" \/>\n<script type=\"application\/ld+json\" class=\"yoast-schema-graph\">{\"@context\":\"https:\/\/schema.org\",\"@graph\":[{\"@type\":\"WebPage\",\"@id\":\"https:\/\/www.brandysainclair.com\/en\/mentions-legales\/\",\"url\":\"https:\/\/www.brandysainclair.com\/en\/mentions-legales\/\",\"name\":\"Mentions L\u00e9gales - Brandy Sainclair\",\"isPartOf\":{\"@id\":\"https:\/\/www.brandysainclair.com\/en\/#website\"},\"datePublished\":\"2024-01-15T16:15:53+00:00\",\"dateModified\":\"2024-01-25T15:47:34+00:00\",\"breadcrumb\":{\"@id\":\"https:\/\/www.brandysainclair.com\/en\/mentions-legales\/#breadcrumb\"},\"inLanguage\":\"en-US\",\"potentialAction\":[{\"@type\":\"ReadAction\",\"target\":[\"https:\/\/www.brandysainclair.com\/en\/mentions-legales\/\"]}]},{\"@type\":\"BreadcrumbList\",\"@id\":\"https:\/\/www.brandysainclair.com\/en\/mentions-legales\/#breadcrumb\",\"itemListElement\":[{\"@type\":\"ListItem\",\"position\":1,\"name\":\"Home\",\"item\":\"https:\/\/www.brandysainclair.com\/en\/\"},{\"@type\":\"ListItem\",\"position\":2,\"name\":\"Mentions L\u00e9gales\"}]},{\"@type\":\"WebSite\",\"@id\":\"https:\/\/www.brandysainclair.com\/en\/#website\",\"url\":\"https:\/\/www.brandysainclair.com\/en\/\",\"name\":\"Brandy Sainclair\",\"description\":\"Brandy Sainclair\",\"publisher\":{\"@id\":\"https:\/\/www.brandysainclair.com\/en\/#organization\"},\"potentialAction\":[{\"@type\":\"SearchAction\",\"target\":{\"@type\":\"EntryPoint\",\"urlTemplate\":\"https:\/\/www.brandysainclair.com\/en\/?s={search_term_string}\"},\"query-input\":{\"@type\":\"PropertyValueSpecification\",\"valueRequired\":true,\"valueName\":\"search_term_string\"}}],\"inLanguage\":\"en-US\"},{\"@type\":\"Organization\",\"@id\":\"https:\/\/www.brandysainclair.com\/en\/#organization\",\"name\":\"Brandy Sainclair\",\"url\":\"https:\/\/www.brandysainclair.com\/en\/\",\"logo\":{\"@type\":\"ImageObject\",\"inLanguage\":\"en-US\",\"@id\":\"https:\/\/www.brandysainclair.com\/en\/#\/schema\/logo\/image\/\",\"url\":\"https:\/\/www.brandysainclair.com\/wp-content\/uploads\/2023\/10\/logo-type-sainclair-v2.svg\",\"contentUrl\":\"https:\/\/www.brandysainclair.com\/wp-content\/uploads\/2023\/10\/logo-type-sainclair-v2.svg\",\"width\":703,\"height\":256,\"caption\":\"Brandy Sainclair\"},\"image\":{\"@id\":\"https:\/\/www.brandysainclair.com\/en\/#\/schema\/logo\/image\/\"}}]}<\/script>\n<!-- \/ Yoast SEO plugin. -->","yoast_head_json":{"title":"Mentions L\u00e9gales - Brandy Sainclair","robots":{"index":"index","follow":"follow","max-snippet":"max-snippet:-1","max-image-preview":"max-image-preview:large","max-video-preview":"max-video-preview:-1"},"canonical":"https:\/\/www.brandysainclair.com\/en\/mentions-legales\/","og_locale":"en_US","og_type":"article","og_title":"Mentions L\u00e9gales - Brandy Sainclair","og_description":"Soci\u00e9t\u00e9 FRANCE BRANDY SAS Si\u00e8ge social : 35, Um KeckerL-5489 EhnenLuxembourg RCS Luxembourg N\u00b0 B216637 \u00a0 CEO Jean-Fran\u00e7ois SAINCLAIR RESPONSABLE DE LA PUBLICATION Jean-Fran\u00e7ois SAINCLAIR WEBMASTER AMYMA WEB SARL 14, rue StrachenL-6933 Mensdorf H\u00c9BERGEUR AMYMA WEB SARL 14, rue StrachenL-6933 Mensdorf","og_url":"https:\/\/www.brandysainclair.com\/en\/mentions-legales\/","og_site_name":"Brandy Sainclair","article_modified_time":"2024-01-25T15:47:34+00:00","twitter_card":"summary_large_image","schema":{"@context":"https:\/\/schema.org","@graph":[{"@type":"WebPage","@id":"https:\/\/www.brandysainclair.com\/en\/mentions-legales\/","url":"https:\/\/www.brandysainclair.com\/en\/mentions-legales\/","name":"Mentions L\u00e9gales - Brandy Sainclair","isPartOf":{"@id":"https:\/\/www.brandysainclair.com\/en\/#website"},"datePublished":"2024-01-15T16:15:53+00:00","dateModified":"2024-01-25T15:47:34+00:00","breadcrumb":{"@id":"https:\/\/www.brandysainclair.com\/en\/mentions-legales\/#breadcrumb"},"inLanguage":"en-US","potentialAction":[{"@type":"ReadAction","target":["https:\/\/www.brandysainclair.com\/en\/mentions-legales\/"]}]},{"@type":"BreadcrumbList","@id":"https:\/\/www.brandysainclair.com\/en\/mentions-legales\/#breadcrumb","itemListElement":[{"@type":"ListItem","position":1,"name":"Home","item":"https:\/\/www.brandysainclair.com\/en\/"},{"@type":"ListItem","position":2,"name":"Mentions L\u00e9gales"}]},{"@type":"WebSite","@id":"https:\/\/www.brandysainclair.com\/en\/#website","url":"https:\/\/www.brandysainclair.com\/en\/","name":"Brandy Sainclair","description":"Brandy Sainclair","publisher":{"@id":"https:\/\/www.brandysainclair.com\/en\/#organization"},"potentialAction":[{"@type":"SearchAction","target":{"@type":"EntryPoint","urlTemplate":"https:\/\/www.brandysainclair.com\/en\/?s={search_term_string}"},"query-input":{"@type":"PropertyValueSpecification","valueRequired":true,"valueName":"search_term_string"}}],"inLanguage":"en-US"},{"@type":"Organization","@id":"https:\/\/www.brandysainclair.com\/en\/#organization","name":"Brandy Sainclair","url":"https:\/\/www.brandysainclair.com\/en\/","logo":{"@type":"ImageObject","inLanguage":"en-US","@id":"https:\/\/www.brandysainclair.com\/en\/#\/schema\/logo\/image\/","url":"https:\/\/www.brandysainclair.com\/wp-content\/uploads\/2023\/10\/logo-type-sainclair-v2.svg","contentUrl":"https:\/\/www.brandysainclair.com\/wp-content\/uploads\/2023\/10\/logo-type-sainclair-v2.svg","width":703,"height":256,"caption":"Brandy Sainclair"},"image":{"@id":"https:\/\/www.brandysainclair.com\/en\/#\/schema\/logo\/image\/"}}]}},"_links":{"self":[{"href":"https:\/\/www.brandysainclair.com\/en\/wp-json\/wp\/v2\/pages\/1081","targetHints":{"allow":["GET"]}}],"collection":[{"href":"https:\/\/www.brandysainclair.com\/en\/wp-json\/wp\/v2\/pages"}],"about":[{"href":"https:\/\/www.brandysainclair.com\/en\/wp-json\/wp\/v2\/types\/page"}],"author":[{"embeddable":true,"href":"https:\/\/www.brandysainclair.com\/en\/wp-json\/wp\/v2\/users\/1"}],"replies":[{"embeddable":true,"href":"https:\/\/www.brandysainclair.com\/en\/wp-json\/wp\/v2\/comments?post=1081"}],"version-history":[{"count":1,"href":"https:\/\/www.brandysainclair.com\/en\/wp-json\/wp\/v2\/pages\/1081\/revisions"}],"predecessor-version":[{"id":1082,"href":"https:\/\/www.brandysainclair.com\/en\/wp-json\/wp\/v2\/pages\/1081\/revisions\/1082"}],"wp:attachment":[{"href":"https:\/\/www.brandysainclair.com\/en\/wp-json\/wp\/v2\/media?parent=1081"}],"curies":[{"name":"wp","href":"https:\/\/api.w.org\/{rel}","templated":true}]}}